{"id":2381,"date":"2024-12-03T15:16:23","date_gmt":"2024-12-03T15:16:23","guid":{"rendered":"https:\/\/bdo2.b1ts.be\/datenschutzbestimmungen\/"},"modified":"2025-01-13T15:37:41","modified_gmt":"2025-01-13T15:37:41","slug":"datenschutzbestimmungen","status":"publish","type":"page","link":"https:\/\/bdovzw.be\/de\/datenschutzbestimmungen\/","title":{"rendered":"Datenschutzbestimmungen"},"content":{"rendered":"<style>.elementor-2381 .elementor-element.elementor-element-321030a9 > .elementor-container{max-width:1200px;}.elementor-2381 .elementor-element.elementor-element-321030a9:not(.elementor-motion-effects-element-type-background), .elementor-2381 .elementor-element.elementor-element-321030a9 > .elementor-motion-effects-container > .elementor-motion-effects-layer{background-color:var( --e-global-color-4cdc196 );background-image:url(\"https:\/\/bdovzw.be\/wp-content\/uploads\/2024\/11\/attractive-young-ballerina-in-black-dress-stretchi-3BJFP7Y.jpg\");}.elementor-2381 .elementor-element.elementor-element-321030a9 > .elementor-background-overlay{background-color:var( --e-global-color-4cdc196 );opacity:0.6;transition:background 0.3s, border-radius 0.3s, opacity 0.3s;}.elementor-2381 .elementor-element.elementor-element-321030a9, .elementor-2381 .elementor-element.elementor-element-321030a9 > .elementor-background-overlay{border-radius:0px 0px 0px 0px;}.elementor-2381 .elementor-element.elementor-element-321030a9{transition:all 400ms;margin-top:-200px;margin-bottom:0px;padding:300px 0px 150px 0px;z-index:3;}.elementor-bc-flex-widget .elementor-2381 .elementor-element.elementor-element-21948387.elementor-column .elementor-widget-wrap{align-items:center;}.elementor-2381 .elementor-element.elementor-element-21948387.elementor-column.elementor-element[data-element_type=\"column\"] > .elementor-widget-wrap.elementor-element-populated{align-content:center;align-items:center;}.elementor-2381 .elementor-element.elementor-element-21948387 > .elementor-element-populated{padding:0px 0px 0px 0px;}.elementor-2381 .elementor-element.elementor-element-21948387{transition:all 400ms;}.elementor-2381 .elementor-element.elementor-element-56e6fa8{font-family:\"Fjalla One\", Sans-serif;font-size:20px;font-weight:500;text-transform:none;font-style:normal;text-decoration:none;line-height:1.3em;letter-spacing:0px;color:var( --e-global-color-accent );transition:all 400ms;}.elementor-2381 .elementor-element.elementor-element-56e6fa8 > .elementor-widget-container{margin:0px 0px 0px 0px;}.elementor-2381 .elementor-element.elementor-element-5f86afb8 .elementor-heading-title{font-family:\"Fjalla One\", Sans-serif;font-size:96px;font-weight:600;text-transform:uppercase;font-style:normal;text-decoration:none;line-height:1em;letter-spacing:5px;color:#FFFFFF;}.elementor-2381 .elementor-element.elementor-element-5f86afb8 > .elementor-widget-container{margin:0px -30px 0px 0px;}.elementor-2381 .elementor-element.elementor-element-5f86afb8{transition:all 400ms;}.elementor-2381 .elementor-element.elementor-element-4ca0f960 > .elementor-element-populated >  .elementor-background-overlay{background-color:#33CCCC;opacity:0;}.elementor-2381 .elementor-element.elementor-element-4ca0f960 > .elementor-element-populated, .elementor-2381 .elementor-element.elementor-element-4ca0f960 > .elementor-element-populated > .elementor-background-overlay, .elementor-2381 .elementor-element.elementor-element-4ca0f960 > .elementor-background-slideshow{border-radius:1000px 1000px 1000px 1000px;}.elementor-2381 .elementor-element.elementor-element-4ca0f960 > .elementor-element-populated{transition:background 0.3s, border 0.3s, border-radius 0.3s, box-shadow 0.3s;margin:0px 0px 0px 0px;--e-column-margin-right:0px;--e-column-margin-left:0px;padding:100px 0px 100px 0px;}.elementor-2381 .elementor-element.elementor-element-4ca0f960 > .elementor-element-populated > .elementor-background-overlay{transition:background 0.3s, border-radius 0.3s, opacity 0.3s;}.elementor-2381 .elementor-element.elementor-element-4ca0f960{transition:all 400ms;}.elementor-2381 .elementor-element.elementor-element-19f7a6ea{--lottie-container-width:66vw;--lottie-container-max-width:100vw;--lottie-container-opacity:1;top:-605px;transition:all 400ms;}body:not(.rtl) .elementor-2381 .elementor-element.elementor-element-19f7a6ea{right:-0.667%;}body.rtl .elementor-2381 .elementor-element.elementor-element-19f7a6ea{left:-0.667%;}.elementor-2381 .elementor-element.elementor-element-18220f02 > .elementor-container{max-width:1200px;}.elementor-2381 .elementor-element.elementor-element-18220f02:not(.elementor-motion-effects-element-type-background), .elementor-2381 .elementor-element.elementor-element-18220f02 > .elementor-motion-effects-container > .elementor-motion-effects-layer{background-color:var( --e-global-color-5d1e719 );}.elementor-2381 .elementor-element.elementor-element-18220f02, .elementor-2381 .elementor-element.elementor-element-18220f02 > .elementor-background-overlay{border-radius:50px 50px 50px 50px;}.elementor-2381 .elementor-element.elementor-element-18220f02{transition:all 400ms;margin-top:-50px;margin-bottom:0px;padding:100px 0px 100px 0px;z-index:3;}.elementor-2381 .elementor-element.elementor-element-18220f02 > .elementor-background-overlay{transition:background 0.3s, border-radius 0.3s, opacity 0.3s;}.elementor-bc-flex-widget .elementor-2381 .elementor-element.elementor-element-6184fd9e.elementor-column .elementor-widget-wrap{align-items:center;}.elementor-2381 .elementor-element.elementor-element-6184fd9e.elementor-column.elementor-element[data-element_type=\"column\"] > .elementor-widget-wrap.elementor-element-populated{align-content:center;align-items:center;}.elementor-2381 .elementor-element.elementor-element-6184fd9e > .elementor-element-populated{margin:0px 0px 50px 0px;--e-column-margin-right:0px;--e-column-margin-left:0px;padding:0px 0px 0px 0px;}.elementor-2381 .elementor-element.elementor-element-6184fd9e{transition:all 400ms;}.elementor-2381 .elementor-element.elementor-element-33527a02{font-family:var( --e-global-typography-text-font-family ), Sans-serif;font-size:var( --e-global-typography-text-font-size );font-weight:var( --e-global-typography-text-font-weight );text-transform:var( --e-global-typography-text-text-transform );font-style:var( --e-global-typography-text-font-style );text-decoration:var( --e-global-typography-text-text-decoration );line-height:var( --e-global-typography-text-line-height );letter-spacing:var( --e-global-typography-text-letter-spacing );color:var( --e-global-color-text );transition:all 400ms;}.elementor-2381 .elementor-element.elementor-element-33527a02 > .elementor-widget-container{margin:0px 0px 20px 0px;}:root{--page-title-display:none;}@media(max-width:1366px){.elementor-2381 .elementor-element.elementor-element-33527a02{font-size:var( --e-global-typography-text-font-size );line-height:var( --e-global-typography-text-line-height );letter-spacing:var( --e-global-typography-text-letter-spacing );}}@media(max-width:1024px){.elementor-2381 .elementor-element.elementor-element-321030a9{padding:400px 30px 70px 30px;}.elementor-2381 .elementor-element.elementor-element-21948387{z-index:5;}.elementor-2381 .elementor-element.elementor-element-5f86afb8 .elementor-heading-title{font-size:72px;}.elementor-2381 .elementor-element.elementor-element-5f86afb8 > .elementor-widget-container{margin:0px -110px 0px 0px;}.elementor-2381 .elementor-element.elementor-element-4ca0f960 > .elementor-element-populated{margin:0px 0px 0px 50px;--e-column-margin-right:0px;--e-column-margin-left:50px;padding:60px 0px 60px 0px;}.elementor-2381 .elementor-element.elementor-element-4ca0f960{z-index:1;}.elementor-2381 .elementor-element.elementor-element-19f7a6ea{top:27px;}.elementor-2381 .elementor-element.elementor-element-18220f02{padding:70px 30px 70px 30px;}.elementor-2381 .elementor-element.elementor-element-6184fd9e > .elementor-element-populated{margin:30px 0px 30px 70px;--e-column-margin-right:0px;--e-column-margin-left:70px;}.elementor-2381 .elementor-element.elementor-element-33527a02{font-size:var( --e-global-typography-text-font-size );line-height:var( --e-global-typography-text-line-height );letter-spacing:var( --e-global-typography-text-letter-spacing );}.elementor-2381 .elementor-element.elementor-element-33527a02 > .elementor-widget-container{margin:0px 0px 0px 0px;}}@media(max-width:767px){.elementor-2381 .elementor-element.elementor-element-321030a9{padding:300px 20px 70px 20px;}.elementor-2381 .elementor-element.elementor-element-21948387 > .elementor-element-populated{padding:0px 0px 50px 0px;}.elementor-2381 .elementor-element.elementor-element-56e6fa8{text-align:center;font-size:16px;}.elementor-2381 .elementor-element.elementor-element-5f86afb8{text-align:center;}.elementor-2381 .elementor-element.elementor-element-5f86afb8 .elementor-heading-title{font-size:48px;}.elementor-2381 .elementor-element.elementor-element-5f86afb8 > .elementor-widget-container{margin:0px 0px 0px 0px;}.elementor-2381 .elementor-element.elementor-element-4ca0f960 > .elementor-element-populated{margin:0px 30px 0px 30px;--e-column-margin-right:30px;--e-column-margin-left:30px;padding:50px 0px 50px 0px;}.elementor-2381 .elementor-element.elementor-element-19f7a6ea{--lottie-container-width:100vw;top:-515px;}body:not(.rtl) .elementor-2381 .elementor-element.elementor-element-19f7a6ea{right:-27.943vw;}body.rtl .elementor-2381 .elementor-element.elementor-element-19f7a6ea{left:-27.943vw;}.elementor-2381 .elementor-element.elementor-element-18220f02{padding:70px 20px 70px 20px;}.elementor-2381 .elementor-element.elementor-element-6184fd9e > .elementor-element-populated{margin:0px 0px 70px 0px;--e-column-margin-right:0px;--e-column-margin-left:0px;}.elementor-2381 .elementor-element.elementor-element-33527a02{font-size:var( --e-global-typography-text-font-size );line-height:var( --e-global-typography-text-line-height );letter-spacing:var( --e-global-typography-text-letter-spacing );}.elementor-2381 .elementor-element.elementor-element-33527a02 > .elementor-widget-container{margin:0px 0px 0px 0px;}}@media(min-width:768px){.elementor-2381 .elementor-element.elementor-element-21948387{width:50%;}.elementor-2381 .elementor-element.elementor-element-4ca0f960{width:50%;}}@media(max-width:1024px) and (min-width:768px){.elementor-2381 .elementor-element.elementor-element-21948387{width:100%;}.elementor-2381 .elementor-element.elementor-element-4ca0f960{width:100%;}}@media(min-width:2400px){.elementor-2381 .elementor-element.elementor-element-33527a02{font-size:var( --e-global-typography-text-font-size );line-height:var( --e-global-typography-text-line-height );letter-spacing:var( --e-global-typography-text-letter-spacing );}}<\/style>\t\t<div data-elementor-type=\"wp-page\" data-elementor-id=\"2381\" class=\"elementor elementor-2381 elementor-502\" data-elementor-settings=\"{&quot;ha_cmc_init_switcher&quot;:&quot;no&quot;}\" data-elementor-post-type=\"page\">\n\t\t\t\t\t\t<section class=\"elementor-section elementor-top-section elementor-element elementor-element-321030a9 elementor-section-boxed elementor-section-height-default elementor-section-height-default\" data-id=\"321030a9\" data-element_type=\"section\" data-e-type=\"section\" data-settings=\"{&quot;background_background&quot;:&quot;classic&quot;,&quot;jet_parallax_layout_list&quot;:[],&quot;_ha_eqh_enable&quot;:false}\">\n\t\t\t\t\t\t\t<div class=\"elementor-background-overlay\"><\/div>\n\t\t\t\t\t\t\t<div class=\"elementor-container elementor-column-gap-default\">\n\t\t\t\t\t<div class=\"elementor-column elementor-col-50 elementor-top-column elementor-element elementor-element-21948387\" data-id=\"21948387\" data-element_type=\"column\" data-e-type=\"column\">\n\t\t\t<div class=\"elementor-widget-wrap elementor-element-populated\">\n\t\t\t\t\t\t<div class=\"elementor-element elementor-element-56e6fa8 de_scroll_animation_no elementor-invisible elementor-widget elementor-widget-text-editor\" data-id=\"56e6fa8\" data-element_type=\"widget\" data-e-type=\"widget\" data-settings=\"{&quot;_animation&quot;:&quot;fadeIn&quot;}\" data-widget_type=\"text-editor.default\">\n\t\t\t\t<div class=\"elementor-widget-container\">\n\t\t\t\t\t\t\t\t\t<p>Belgische Tanzsportorganisation<\/p>\n\t\t\t\t\t\t\t\t<\/div>\n\t\t\t\t<\/div>\n\t\t\t\t<div class=\"elementor-element elementor-element-5f86afb8 de_scroll_animation_no elementor-invisible elementor-widget elementor-widget-heading\" data-id=\"5f86afb8\" data-element_type=\"widget\" data-e-type=\"widget\" data-settings=\"{&quot;_animation&quot;:&quot;fadeIn&quot;,&quot;_animation_delay&quot;:200}\" data-widget_type=\"heading.default\">\n\t\t\t\t<div class=\"elementor-widget-container\">\n\t\t\t\t\t<h1 class=\"elementor-heading-title elementor-size-default\">Datenschutzbestimmungen<\/h1>\t\t\t\t<\/div>\n\t\t\t\t<\/div>\n\t\t\t\t\t<\/div>\n\t\t<\/div>\n\t\t\t\t<div class=\"elementor-column elementor-col-50 elementor-top-column elementor-element elementor-element-4ca0f960 elementor-hidden-mobile elementor-invisible\" data-id=\"4ca0f960\" data-element_type=\"column\" data-e-type=\"column\" data-settings=\"{&quot;background_background&quot;:&quot;classic&quot;,&quot;animation&quot;:&quot;fadeIn&quot;}\">\n\t\t\t<div class=\"elementor-widget-wrap elementor-element-populated\">\n\t\t\t\t\t<div class=\"elementor-background-overlay\"><\/div>\n\t\t\t\t\t\t<div class=\"elementor-element elementor-element-19f7a6ea elementor-absolute elementor-align-center de_scroll_animation_no elementor-widget elementor-widget-lottie\" data-id=\"19f7a6ea\" data-element_type=\"widget\" data-e-type=\"widget\" data-settings=\"{&quot;source_json&quot;:{&quot;url&quot;:&quot;https:\\\/\\\/bdovzw.be\\\/wp-content\\\/uploads\\\/2024\\\/11\\\/Animation-1732792780271.json&quot;,&quot;id&quot;:150,&quot;size&quot;:&quot;&quot;,&quot;alt&quot;:&quot;&quot;,&quot;source&quot;:&quot;library&quot;},&quot;trigger&quot;:&quot;none&quot;,&quot;loop&quot;:&quot;yes&quot;,&quot;_position&quot;:&quot;absolute&quot;,&quot;play_speed&quot;:{&quot;unit&quot;:&quot;px&quot;,&quot;size&quot;:0.4,&quot;sizes&quot;:[]},&quot;source&quot;:&quot;media_file&quot;,&quot;caption_source&quot;:&quot;none&quot;,&quot;link_to&quot;:&quot;none&quot;,&quot;start_point&quot;:{&quot;unit&quot;:&quot;%&quot;,&quot;size&quot;:0,&quot;sizes&quot;:[]},&quot;end_point&quot;:{&quot;unit&quot;:&quot;%&quot;,&quot;size&quot;:100,&quot;sizes&quot;:[]},&quot;renderer&quot;:&quot;svg&quot;}\" data-widget_type=\"lottie.default\">\n\t\t\t\t<div class=\"elementor-widget-container\">\n\t\t\t\t\t<div class=\"e-lottie__container\"><div class=\"e-lottie__animation\"><\/div><\/div>\t\t\t\t<\/div>\n\t\t\t\t<\/div>\n\t\t\t\t\t<\/div>\n\t\t<\/div>\n\t\t\t\t\t<\/div>\n\t\t<\/section>\n\t\t\t\t<section class=\"elementor-section elementor-top-section elementor-element elementor-element-18220f02 elementor-reverse-mobile elementor-section-boxed elementor-section-height-default elementor-section-height-default\" data-id=\"18220f02\" data-element_type=\"section\" data-e-type=\"section\" data-settings=\"{&quot;background_background&quot;:&quot;classic&quot;,&quot;jet_parallax_layout_list&quot;:[],&quot;_ha_eqh_enable&quot;:false}\">\n\t\t\t\t\t\t<div class=\"elementor-container elementor-column-gap-default\">\n\t\t\t\t\t<div class=\"elementor-column elementor-col-100 elementor-top-column elementor-element elementor-element-6184fd9e\" data-id=\"6184fd9e\" data-element_type=\"column\" data-e-type=\"column\">\n\t\t\t<div class=\"elementor-widget-wrap elementor-element-populated\">\n\t\t\t\t\t\t<div class=\"elementor-element elementor-element-33527a02 de_scroll_animation_no elementor-invisible elementor-widget elementor-widget-text-editor\" data-id=\"33527a02\" data-element_type=\"widget\" data-e-type=\"widget\" data-settings=\"{&quot;_animation&quot;:&quot;fadeIn&quot;,&quot;_animation_delay&quot;:600}\" data-widget_type=\"text-editor.default\">\n\t\t\t\t<div class=\"elementor-widget-container\">\n\t\t\t\t\t\t\t\t\t<p><strong>1.<\/strong><br \/>E<strong>rhebung von Daten<\/strong> BDO erhebt nur personenbezogene Daten, die f\u00fcr die Erbringung unserer Dienstleistungen erforderlich sind, wie z.B. Name, E-Mail-Adresse und Telefonnummer im Falle von Registrierungen, Kontaktformularen oder Veranstaltungsanmeldungen.<\/p>\n<p><strong>2.<\/strong><br \/>V<strong>erwendung der Daten<\/strong> Wir verwenden diese Daten, um unsere Wettbewerbe und Workshops zu organisieren, die Kommunikation zu verbessern und die Teilnehmer \u00fcber Neuigkeiten und Updates zu informieren.<\/p>\n<p><strong>3.<\/strong><br \/>S<strong>icherheit<\/strong> Wir sorgen daf\u00fcr, dass Ihre Daten sicher sind und ergreifen geeignete Ma\u00dfnahmen, um Missbrauch oder unbefugten Zugriff zu verhindern.<\/p>\n<p><strong>4.<\/strong><br \/>W<strong>eitergabe von Daten<\/strong> Personenbezogene Daten werden nicht an Dritte weitergegeben, es sei denn, dies ist gesetzlich vorgeschrieben oder f\u00fcr die Erbringung unserer Dienstleistungen erforderlich.<\/p>\n<p><strong>5.<\/strong><br \/>A<strong>ufbewahrungsfrist<\/strong> Die Daten werden so lange aufbewahrt, wie es f\u00fcr die Erbringung unserer Dienstleistungen und gem\u00e4\u00df den gesetzlichen Verpflichtungen erforderlich ist.<\/p>\n<p><strong>6.<\/strong><br \/>I<strong>hre Rechte<\/strong> Sie haben das Recht auf Zugang, Berichtigung, L\u00f6schung und \u00dcbertragung Ihrer Daten. [e-mailadres] Bitte kontaktieren Sie uns dazu unter . <\/p>\n<p><strong>7.<\/strong><br \/>C<strong>ookies<\/strong> Unsere Website verwendet Cookies, um die Benutzerfreundlichkeit zu verbessern. Sie k\u00f6nnen Cookies \u00fcber Ihre Browsereinstellungen ablehnen. <\/p>\n<p><strong>8.<\/strong><br \/>\u00c4nderungen <strong> BDO beh\u00e4lt sich das Recht vor, diese Datenschutzrichtlinie zu \u00e4ndern. Die aktuellste Version ist immer auf unserer Website verf\u00fcgbar.<\/strong> <\/p>\n<p><strong>Kontakt:<\/strong> F\u00fcr Anfragen zum Datenschutz kontaktieren Sie uns bitte unter info@bdovzw.be<\/p>\n\t\t\t\t\t\t\t\t<\/div>\n\t\t\t\t<\/div>\n\t\t\t\t\t<\/div>\n\t\t<\/div>\n\t\t\t\t\t<\/div>\n\t\t<\/section>\n\t\t\t\t<\/div>\n\t\t","protected":false},"excerpt":{"rendered":"<p>Belgische Tanzsportorganisation Datenschutzbestimmungen 1.Erhebung von Daten BDO erhebt nur personenbezogene Daten, die f\u00fcr die Erbringung unserer Dienstleistungen erforderlich sind, wie z.B. Name, E-Mail-Adresse und Telefonnummer im Falle von Registrierungen, Kontaktformularen oder Veranstaltungsanmeldungen. 2.Verwendung der Daten Wir verwenden diese Daten, um unsere Wettbewerbe und Workshops zu organisieren, die Kommunikation zu verbessern und die Teilnehmer \u00fcber Neuigkeiten [&hellip;]<\/p>\n","protected":false},"author":1,"featured_media":0,"parent":0,"menu_order":0,"comment_status":"closed","ping_status":"closed","template":"","meta":{"postBodyCss":"","postBodyMargin":[],"postBodyPadding":[],"postBodyBackground":{"backgroundType":"classic","gradient":""},"footnotes":""},"class_list":["post-2381","page","type-page","status-publish","hentry"],"_links":{"self":[{"href":"https:\/\/bdovzw.be\/de\/wp-json\/wp\/v2\/pages\/2381","targetHints":{"allow":["GET"]}}],"collection":[{"href":"https:\/\/bdovzw.be\/de\/wp-json\/wp\/v2\/pages"}],"about":[{"href":"https:\/\/bdovzw.be\/de\/wp-json\/wp\/v2\/types\/page"}],"author":[{"embeddable":true,"href":"https:\/\/bdovzw.be\/de\/wp-json\/wp\/v2\/users\/1"}],"replies":[{"embeddable":true,"href":"https:\/\/bdovzw.be\/de\/wp-json\/wp\/v2\/comments?post=2381"}],"version-history":[{"count":1,"href":"https:\/\/bdovzw.be\/de\/wp-json\/wp\/v2\/pages\/2381\/revisions"}],"predecessor-version":[{"id":2383,"href":"https:\/\/bdovzw.be\/de\/wp-json\/wp\/v2\/pages\/2381\/revisions\/2383"}],"wp:attachment":[{"href":"https:\/\/bdovzw.be\/de\/wp-json\/wp\/v2\/media?parent=2381"}],"curies":[{"name":"wp","href":"https:\/\/api.w.org\/{rel}","templated":true}]}}