{"id":2534,"date":"2024-12-03T15:16:23","date_gmt":"2024-12-03T15:16:23","guid":{"rendered":"https:\/\/bdo2.b1ts.be\/politique-de-confidentialite\/"},"modified":"2025-01-15T09:38:21","modified_gmt":"2025-01-15T09:38:21","slug":"politique-de-confidentialite","status":"publish","type":"page","link":"https:\/\/bdovzw.be\/fr\/politique-de-confidentialite\/","title":{"rendered":"Politique de confidentialit\u00e9"},"content":{"rendered":"\t\t<div data-elementor-type=\"wp-page\" data-elementor-id=\"2534\" class=\"elementor elementor-2534 elementor-502\" data-elementor-settings=\"{&quot;ha_cmc_init_switcher&quot;:&quot;no&quot;}\" data-elementor-post-type=\"page\">\n\t\t\t\t\t\t<section class=\"elementor-section elementor-top-section elementor-element elementor-element-321030a9 elementor-section-boxed elementor-section-height-default elementor-section-height-default\" data-id=\"321030a9\" data-element_type=\"section\" data-e-type=\"section\" data-settings=\"{&quot;background_background&quot;:&quot;classic&quot;,&quot;jet_parallax_layout_list&quot;:[],&quot;_ha_eqh_enable&quot;:false}\">\n\t\t\t\t\t\t\t<div class=\"elementor-background-overlay\"><\/div>\n\t\t\t\t\t\t\t<div class=\"elementor-container elementor-column-gap-default\">\n\t\t\t\t\t<div class=\"elementor-column elementor-col-50 elementor-top-column elementor-element elementor-element-21948387\" data-id=\"21948387\" data-element_type=\"column\" data-e-type=\"column\">\n\t\t\t<div class=\"elementor-widget-wrap elementor-element-populated\">\n\t\t\t\t\t\t<div class=\"elementor-element elementor-element-56e6fa8 de_scroll_animation_no elementor-invisible elementor-widget elementor-widget-text-editor\" data-id=\"56e6fa8\" data-element_type=\"widget\" data-e-type=\"widget\" data-settings=\"{&quot;_animation&quot;:&quot;fadeIn&quot;}\" data-widget_type=\"text-editor.default\">\n\t\t\t\t<div class=\"elementor-widget-container\">\n\t\t\t\t\t\t\t\t\t<p>Organisation belge de la danse sportive<\/p>\n\t\t\t\t\t\t\t\t<\/div>\n\t\t\t\t<\/div>\n\t\t\t\t<div class=\"elementor-element elementor-element-5f86afb8 de_scroll_animation_no elementor-invisible elementor-widget elementor-widget-heading\" data-id=\"5f86afb8\" data-element_type=\"widget\" data-e-type=\"widget\" data-settings=\"{&quot;_animation&quot;:&quot;fadeIn&quot;,&quot;_animation_delay&quot;:200}\" data-widget_type=\"heading.default\">\n\t\t\t\t<div class=\"elementor-widget-container\">\n\t\t\t\t\t<h1 class=\"elementor-heading-title elementor-size-default\">Politique de confidentialit\u00e9<\/h1>\t\t\t\t<\/div>\n\t\t\t\t<\/div>\n\t\t\t\t\t<\/div>\n\t\t<\/div>\n\t\t\t\t<div class=\"elementor-column elementor-col-50 elementor-top-column elementor-element elementor-element-4ca0f960 elementor-hidden-mobile elementor-invisible\" data-id=\"4ca0f960\" data-element_type=\"column\" data-e-type=\"column\" data-settings=\"{&quot;background_background&quot;:&quot;classic&quot;,&quot;animation&quot;:&quot;fadeIn&quot;}\">\n\t\t\t<div class=\"elementor-widget-wrap elementor-element-populated\">\n\t\t\t\t\t<div class=\"elementor-background-overlay\"><\/div>\n\t\t\t\t\t\t<div class=\"elementor-element elementor-element-19f7a6ea elementor-absolute elementor-align-center de_scroll_animation_no elementor-widget elementor-widget-lottie\" data-id=\"19f7a6ea\" data-element_type=\"widget\" data-e-type=\"widget\" data-settings=\"{&quot;source_json&quot;:{&quot;url&quot;:&quot;https:\\\/\\\/bdovzw.be\\\/wp-content\\\/uploads\\\/2024\\\/11\\\/Animation-1732792780271.json&quot;,&quot;id&quot;:150,&quot;size&quot;:&quot;&quot;,&quot;alt&quot;:&quot;&quot;,&quot;source&quot;:&quot;library&quot;},&quot;trigger&quot;:&quot;none&quot;,&quot;loop&quot;:&quot;yes&quot;,&quot;_position&quot;:&quot;absolute&quot;,&quot;play_speed&quot;:{&quot;unit&quot;:&quot;px&quot;,&quot;size&quot;:0.4,&quot;sizes&quot;:[]},&quot;source&quot;:&quot;media_file&quot;,&quot;caption_source&quot;:&quot;none&quot;,&quot;link_to&quot;:&quot;none&quot;,&quot;start_point&quot;:{&quot;unit&quot;:&quot;%&quot;,&quot;size&quot;:0,&quot;sizes&quot;:[]},&quot;end_point&quot;:{&quot;unit&quot;:&quot;%&quot;,&quot;size&quot;:100,&quot;sizes&quot;:[]},&quot;renderer&quot;:&quot;svg&quot;}\" data-widget_type=\"lottie.default\">\n\t\t\t\t<div class=\"elementor-widget-container\">\n\t\t\t\t\t<div class=\"e-lottie__container\"><div class=\"e-lottie__animation\"><\/div><\/div>\t\t\t\t<\/div>\n\t\t\t\t<\/div>\n\t\t\t\t\t<\/div>\n\t\t<\/div>\n\t\t\t\t\t<\/div>\n\t\t<\/section>\n\t\t\t\t<section class=\"elementor-section elementor-top-section elementor-element elementor-element-18220f02 elementor-reverse-mobile elementor-section-boxed elementor-section-height-default elementor-section-height-default\" data-id=\"18220f02\" data-element_type=\"section\" data-e-type=\"section\" data-settings=\"{&quot;background_background&quot;:&quot;classic&quot;,&quot;jet_parallax_layout_list&quot;:[],&quot;_ha_eqh_enable&quot;:false}\">\n\t\t\t\t\t\t<div class=\"elementor-container elementor-column-gap-default\">\n\t\t\t\t\t<div class=\"elementor-column elementor-col-100 elementor-top-column elementor-element elementor-element-6184fd9e\" data-id=\"6184fd9e\" data-element_type=\"column\" data-e-type=\"column\">\n\t\t\t<div class=\"elementor-widget-wrap elementor-element-populated\">\n\t\t\t\t\t\t<div class=\"elementor-element elementor-element-33527a02 de_scroll_animation_no elementor-invisible elementor-widget elementor-widget-text-editor\" data-id=\"33527a02\" data-element_type=\"widget\" data-e-type=\"widget\" data-settings=\"{&quot;_animation&quot;:&quot;fadeIn&quot;,&quot;_animation_delay&quot;:600}\" data-widget_type=\"text-editor.default\">\n\t\t\t\t<div class=\"elementor-widget-container\">\n\t\t\t\t\t\t\t\t\t<p><strong>1.<\/strong><br \/>C<strong>ollecte des donn\u00e9es<\/strong> BDO ne collecte que les donn\u00e9es personnelles n\u00e9cessaires \u00e0 la fourniture de ses services, telles que le nom, l&rsquo;adresse e-mail et le num\u00e9ro de t\u00e9l\u00e9phone en cas d&rsquo;inscription, de formulaire de contact ou d&rsquo;inscription \u00e0 un \u00e9v\u00e9nement.<\/p>\n<p><strong>2.<\/strong><br \/>U<strong>tilisation des donn\u00e9es<\/strong> Nous utilisons ces donn\u00e9es pour organiser nos concours et nos ateliers, am\u00e9liorer la communication et tenir les participants inform\u00e9s des nouveaut\u00e9s et des mises \u00e0 jour.<\/p>\n<p><strong>3.<\/strong><br \/>S<strong>\u00e9curit\u00e9<\/strong> Nous veillons \u00e0 ce que vos donn\u00e9es soient s\u00e9curis\u00e9es et prenons les mesures appropri\u00e9es pour emp\u00eacher toute utilisation abusive ou tout acc\u00e8s non autoris\u00e9.<\/p>\n<p><strong>4.<\/strong><br \/>P<strong>artage des donn\u00e9es<\/strong> Les donn\u00e9es personnelles ne seront pas partag\u00e9es avec des tiers, sauf si la loi l&rsquo;exige ou si cela est n\u00e9cessaire \u00e0 l&rsquo;ex\u00e9cution de nos services.<\/p>\n<p><strong>5.<\/strong><br \/>P<strong>\u00e9riode de conservation<\/strong> Les donn\u00e9es seront conserv\u00e9es aussi longtemps que n\u00e9cessaire pour la fourniture de nos services et conform\u00e9ment aux obligations l\u00e9gales.<\/p>\n<p><strong>6.<\/strong><br \/>V<strong>os droits<\/strong> Vous disposez d&rsquo;un droit d&rsquo;acc\u00e8s, de rectification, d&rsquo;effacement et de portabilit\u00e9 de vos donn\u00e9es. [e-mailadres] Pour ce faire, veuillez nous contacter \u00e0 l&rsquo;adresse suivante . <\/p>\n<p><strong>7.<\/strong><br \/>C<strong>ookies<\/strong> Notre site web utilise des cookies pour am\u00e9liorer l&rsquo;exp\u00e9rience de l&rsquo;utilisateur. Vous pouvez refuser les cookies via les param\u00e8tres de votre navigateur. <\/p>\n<p><strong>8.<\/strong><br \/>M<strong>odifications<\/strong> BDO se r\u00e9serve le droit de modifier cette politique de confidentialit\u00e9. La version la plus r\u00e9cente est toujours disponible sur notre site web. <\/p>\n<p><strong>Contact :<\/strong> Pour toute question relative \u00e0 la protection de la vie priv\u00e9e, veuillez nous contacter \u00e0 l&rsquo;adresse suivante : info@bdovzw.be<\/p>\n\t\t\t\t\t\t\t\t<\/div>\n\t\t\t\t<\/div>\n\t\t\t\t\t<\/div>\n\t\t<\/div>\n\t\t\t\t\t<\/div>\n\t\t<\/section>\n\t\t\t\t<\/div>\n\t\t","protected":false},"excerpt":{"rendered":"<p>Organisation belge de la danse sportive Politique de confidentialit\u00e9 1.Collecte des donn\u00e9es BDO ne collecte que les donn\u00e9es personnelles n\u00e9cessaires \u00e0 la fourniture de ses services, telles que le nom, l&rsquo;adresse e-mail et le num\u00e9ro de t\u00e9l\u00e9phone en cas d&rsquo;inscription, de formulaire de contact ou d&rsquo;inscription \u00e0 un \u00e9v\u00e9nement. 2.Utilisation des donn\u00e9es Nous utilisons ces [&hellip;]<\/p>\n","protected":false},"author":1,"featured_media":0,"parent":0,"menu_order":0,"comment_status":"closed","ping_status":"closed","template":"","meta":{"postBodyCss":"","postBodyMargin":[],"postBodyPadding":[],"postBodyBackground":{"backgroundType":"classic","gradient":""},"footnotes":""},"class_list":["post-2534","page","type-page","status-publish","hentry"],"_links":{"self":[{"href":"https:\/\/bdovzw.be\/fr\/wp-json\/wp\/v2\/pages\/2534","targetHints":{"allow":["GET"]}}],"collection":[{"href":"https:\/\/bdovzw.be\/fr\/wp-json\/wp\/v2\/pages"}],"about":[{"href":"https:\/\/bdovzw.be\/fr\/wp-json\/wp\/v2\/types\/page"}],"author":[{"embeddable":true,"href":"https:\/\/bdovzw.be\/fr\/wp-json\/wp\/v2\/users\/1"}],"replies":[{"embeddable":true,"href":"https:\/\/bdovzw.be\/fr\/wp-json\/wp\/v2\/comments?post=2534"}],"version-history":[{"count":1,"href":"https:\/\/bdovzw.be\/fr\/wp-json\/wp\/v2\/pages\/2534\/revisions"}],"predecessor-version":[{"id":2538,"href":"https:\/\/bdovzw.be\/fr\/wp-json\/wp\/v2\/pages\/2534\/revisions\/2538"}],"wp:attachment":[{"href":"https:\/\/bdovzw.be\/fr\/wp-json\/wp\/v2\/media?parent=2534"}],"curies":[{"name":"wp","href":"https:\/\/api.w.org\/{rel}","templated":true}]}}