{"id":2621,"date":"2024-12-05T12:24:44","date_gmt":"2024-12-05T12:24:44","guid":{"rendered":"https:\/\/bdo2.b1ts.be\/evenements\/"},"modified":"2025-04-18T15:36:55","modified_gmt":"2025-04-18T15:36:55","slug":"evenements","status":"publish","type":"page","link":"https:\/\/bdovzw.be\/fr\/evenements\/","title":{"rendered":"Ev\u00e9nements"},"content":{"rendered":"\t\t<div data-elementor-type=\"wp-page\" data-elementor-id=\"2621\" class=\"elementor elementor-2621 elementor-620\" data-elementor-settings=\"{&quot;ha_cmc_init_switcher&quot;:&quot;no&quot;}\" data-elementor-post-type=\"page\">\n\t\t\t\t\t\t<section class=\"elementor-section elementor-top-section elementor-element elementor-element-506b7e33 elementor-section-boxed elementor-section-height-default elementor-section-height-default\" data-id=\"506b7e33\" data-element_type=\"section\" data-e-type=\"section\" data-settings=\"{&quot;background_background&quot;:&quot;classic&quot;,&quot;jet_parallax_layout_list&quot;:[],&quot;_ha_eqh_enable&quot;:false}\">\n\t\t\t\t\t\t\t<div class=\"elementor-background-overlay\"><\/div>\n\t\t\t\t\t\t\t<div class=\"elementor-container elementor-column-gap-default\">\n\t\t\t\t\t<div class=\"elementor-column elementor-col-50 elementor-top-column elementor-element elementor-element-299cb92a\" data-id=\"299cb92a\" data-element_type=\"column\" data-e-type=\"column\">\n\t\t\t<div class=\"elementor-widget-wrap elementor-element-populated\">\n\t\t\t\t\t\t<div class=\"elementor-element elementor-element-5024a5bf de_scroll_animation_no elementor-invisible elementor-widget elementor-widget-text-editor\" data-id=\"5024a5bf\" data-element_type=\"widget\" data-e-type=\"widget\" data-settings=\"{&quot;_animation&quot;:&quot;fadeIn&quot;}\" data-widget_type=\"text-editor.default\">\n\t\t\t\t<div class=\"elementor-widget-container\">\n\t\t\t\t\t\t\t\t\t<p>Organisation belge de la danse sportive<\/p>\t\t\t\t\t\t\t\t<\/div>\n\t\t\t\t<\/div>\n\t\t\t\t<div class=\"elementor-element elementor-element-5cf3e779 de_scroll_animation_no elementor-invisible elementor-widget elementor-widget-heading\" data-id=\"5cf3e779\" data-element_type=\"widget\" data-e-type=\"widget\" data-settings=\"{&quot;_animation&quot;:&quot;fadeIn&quot;,&quot;_animation_delay&quot;:200}\" data-widget_type=\"heading.default\">\n\t\t\t\t<div class=\"elementor-widget-container\">\n\t\t\t\t\t<h1 class=\"elementor-heading-title elementor-size-default\">Ev\u00e9nements<\/h1>\t\t\t\t<\/div>\n\t\t\t\t<\/div>\n\t\t\t\t<div class=\"elementor-element elementor-element-56f3db47 de_scroll_animation_no elementor-invisible elementor-widget elementor-widget-text-editor\" data-id=\"56f3db47\" data-element_type=\"widget\" data-e-type=\"widget\" data-settings=\"{&quot;_animation&quot;:&quot;fadeIn&quot;,&quot;_animation_delay&quot;:400}\" data-widget_type=\"text-editor.default\">\n\t\t\t\t<div class=\"elementor-widget-container\">\n\t\t\t\t\t\t\t\t\t<p>D\u00e9couvrez les \u00e9v\u00e9nements BDO \u00e0 venir ! Des matchs passionnants aux spectacles spectaculaires, restez \u00e0 l&rsquo;\u00e9coute de tous les temps forts ici. <\/p>\t\t\t\t\t\t\t\t<\/div>\n\t\t\t\t<\/div>\n\t\t\t\t\t<\/div>\n\t\t<\/div>\n\t\t\t\t<div class=\"elementor-column elementor-col-50 elementor-top-column elementor-element elementor-element-3e4ecfc7 elementor-hidden-mobile elementor-invisible\" data-id=\"3e4ecfc7\" data-element_type=\"column\" data-e-type=\"column\" data-settings=\"{&quot;background_background&quot;:&quot;classic&quot;,&quot;animation&quot;:&quot;fadeIn&quot;}\">\n\t\t\t<div class=\"elementor-widget-wrap elementor-element-populated\">\n\t\t\t\t\t<div class=\"elementor-background-overlay\"><\/div>\n\t\t\t\t\t\t<div class=\"elementor-element elementor-element-7df205c elementor-absolute elementor-align-center de_scroll_animation_no elementor-widget elementor-widget-lottie\" data-id=\"7df205c\" data-element_type=\"widget\" data-e-type=\"widget\" data-settings=\"{&quot;source_json&quot;:{&quot;url&quot;:&quot;https:\\\/\\\/bdovzw.be\\\/wp-content\\\/uploads\\\/2024\\\/11\\\/Animation-1732792780271.json&quot;,&quot;id&quot;:150,&quot;size&quot;:&quot;&quot;,&quot;alt&quot;:&quot;&quot;,&quot;source&quot;:&quot;library&quot;},&quot;trigger&quot;:&quot;none&quot;,&quot;loop&quot;:&quot;yes&quot;,&quot;_position&quot;:&quot;absolute&quot;,&quot;play_speed&quot;:{&quot;unit&quot;:&quot;px&quot;,&quot;size&quot;:0.4,&quot;sizes&quot;:[]},&quot;source&quot;:&quot;media_file&quot;,&quot;caption_source&quot;:&quot;none&quot;,&quot;link_to&quot;:&quot;none&quot;,&quot;start_point&quot;:{&quot;unit&quot;:&quot;%&quot;,&quot;size&quot;:0,&quot;sizes&quot;:[]},&quot;end_point&quot;:{&quot;unit&quot;:&quot;%&quot;,&quot;size&quot;:100,&quot;sizes&quot;:[]},&quot;renderer&quot;:&quot;svg&quot;}\" data-widget_type=\"lottie.default\">\n\t\t\t\t<div class=\"elementor-widget-container\">\n\t\t\t\t\t<div class=\"e-lottie__container\"><div class=\"e-lottie__animation\"><\/div><\/div>\t\t\t\t<\/div>\n\t\t\t\t<\/div>\n\t\t\t\t\t<\/div>\n\t\t<\/div>\n\t\t\t\t\t<\/div>\n\t\t<\/section>\n\t\t\t\t<section class=\"elementor-section elementor-top-section elementor-element elementor-element-3e294000 elementor-reverse-mobile elementor-section-boxed elementor-section-height-default elementor-section-height-default\" data-id=\"3e294000\" data-element_type=\"section\" data-e-type=\"section\" data-settings=\"{&quot;background_background&quot;:&quot;classic&quot;,&quot;jet_parallax_layout_list&quot;:[],&quot;_ha_eqh_enable&quot;:false}\">\n\t\t\t\t\t\t<div class=\"elementor-container elementor-column-gap-default\">\n\t\t\t\t\t<div class=\"elementor-column elementor-col-50 elementor-top-column elementor-element elementor-element-42e31ab3 elementor-invisible\" data-id=\"42e31ab3\" data-element_type=\"column\" data-e-type=\"column\" data-settings=\"{&quot;background_background&quot;:&quot;classic&quot;,&quot;animation&quot;:&quot;fadeIn&quot;}\">\n\t\t\t<div class=\"elementor-widget-wrap elementor-element-populated\">\n\t\t\t\t\t\t<div class=\"elementor-element elementor-element-3a195123 de_scroll_animation_no elementor-widget elementor-widget-spacer\" data-id=\"3a195123\" data-element_type=\"widget\" data-e-type=\"widget\" data-widget_type=\"spacer.default\">\n\t\t\t\t<div class=\"elementor-widget-container\">\n\t\t\t\t\t\t\t<div class=\"elementor-spacer\">\n\t\t\t<div class=\"elementor-spacer-inner\"><\/div>\n\t\t<\/div>\n\t\t\t\t\t\t<\/div>\n\t\t\t\t<\/div>\n\t\t\t\t\t<\/div>\n\t\t<\/div>\n\t\t\t\t<div class=\"elementor-column elementor-col-50 elementor-top-column elementor-element elementor-element-5e2e2219\" data-id=\"5e2e2219\" data-element_type=\"column\" data-e-type=\"column\">\n\t\t\t<div class=\"elementor-widget-wrap elementor-element-populated\">\n\t\t\t\t\t\t<div class=\"elementor-element elementor-element-6bf37f87 de_scroll_animation_no elementor-invisible elementor-widget elementor-widget-text-editor\" data-id=\"6bf37f87\" data-element_type=\"widget\" data-e-type=\"widget\" data-settings=\"{&quot;_animation&quot;:&quot;fadeIn&quot;}\" data-widget_type=\"text-editor.default\">\n\t\t\t\t<div class=\"elementor-widget-container\">\n\t\t\t\t\t\t\t\t\t<p>\u00c9v\u00e9nement sous les feux de la rampe<\/p>\t\t\t\t\t\t\t\t<\/div>\n\t\t\t\t<\/div>\n\t\t\t\t<div class=\"elementor-element elementor-element-362d3a88 de_scroll_animation_no elementor-invisible elementor-widget elementor-widget-heading\" data-id=\"362d3a88\" data-element_type=\"widget\" data-e-type=\"widget\" data-settings=\"{&quot;_animation&quot;:&quot;fadeIn&quot;,&quot;_animation_delay&quot;:200}\" data-widget_type=\"heading.default\">\n\t\t\t\t<div class=\"elementor-widget-container\">\n\t\t\t\t\t<h2 class=\"elementor-heading-title elementor-size-default\">Soir\u00e9e de gala BDO<\/h2>\t\t\t\t<\/div>\n\t\t\t\t<\/div>\n\t\t\t\t<div class=\"elementor-element elementor-element-bdf5bc9 de_scroll_animation_no elementor-invisible elementor-widget elementor-widget-text-editor\" data-id=\"bdf5bc9\" data-element_type=\"widget\" data-e-type=\"widget\" data-settings=\"{&quot;_animation&quot;:&quot;fadeIn&quot;,&quot;_animation_delay&quot;:600}\" data-widget_type=\"text-editor.default\">\n\t\t\t\t<div class=\"elementor-widget-container\">\n\t\t\t\t\t\t\t\t\t<p>Vivez une soir\u00e9e inoubliable pleine de danse, de passion et de spectacle ! La soir\u00e9e de gala BDO c\u00e9l\u00e8bre les r\u00e9ussites exceptionnelles et les danseurs montrent leur talent dans des chor\u00e9graphies \u00e0 couper le souffle. Profitez des spectacles, des num\u00e9ros sp\u00e9ciaux et d&rsquo;un final festif que vous ne voudrez pas manquer.  <\/p>\t\t\t\t\t\t\t\t<\/div>\n\t\t\t\t<\/div>\n\t\t\t\t\t<\/div>\n\t\t<\/div>\n\t\t\t\t\t<\/div>\n\t\t<\/section>\n\t\t\t\t<section class=\"elementor-section elementor-top-section elementor-element elementor-element-172003bf elementor-section-full_width elementor-section-height-default elementor-section-height-default\" data-id=\"172003bf\" data-element_type=\"section\" data-e-type=\"section\" data-settings=\"{&quot;background_background&quot;:&quot;classic&quot;,&quot;jet_parallax_layout_list&quot;:[],&quot;_ha_eqh_enable&quot;:false}\">\n\t\t\t\t\t\t\t<div class=\"elementor-background-overlay\"><\/div>\n\t\t\t\t\t\t\t<div class=\"elementor-container elementor-column-gap-default\">\n\t\t\t\t\t<div class=\"elementor-column elementor-col-100 elementor-top-column elementor-element elementor-element-50884b3b\" data-id=\"50884b3b\" data-element_type=\"column\" data-e-type=\"column\">\n\t\t\t<div class=\"elementor-widget-wrap elementor-element-populated\">\n\t\t\t\t\t\t<div class=\"elementor-element elementor-element-9354fb0 de_scroll_animation_no elementor-invisible elementor-widget elementor-widget-heading\" data-id=\"9354fb0\" data-element_type=\"widget\" data-e-type=\"widget\" data-settings=\"{&quot;_animation&quot;:&quot;fadeIn&quot;,&quot;_animation_delay&quot;:200}\" data-widget_type=\"heading.default\">\n\t\t\t\t<div class=\"elementor-widget-container\">\n\t\t\t\t\t<h2 class=\"elementor-heading-title elementor-size-default\">\u00c9v\u00e9nements \u00e0 venir<\/h2>\t\t\t\t<\/div>\n\t\t\t\t<\/div>\n\t\t\t\t<div class=\"elementor-element elementor-element-62e8ffd de_scroll_animation_no elementor-widget elementor-widget-jet-carousel\" data-id=\"62e8ffd\" data-element_type=\"widget\" data-e-type=\"widget\" data-settings=\"{&quot;slides_to_show&quot;:&quot;4&quot;,&quot;slides_to_show_tablet&quot;:&quot;2&quot;,&quot;slides_to_show_mobile&quot;:&quot;1&quot;,&quot;slides_to_scroll_mobile&quot;:&quot;1&quot;,&quot;slides_to_scroll&quot;:&quot;1&quot;}\" data-widget_type=\"jet-carousel.default\">\n\t\t\t\t<div class=\"elementor-widget-container\">\n\t\t\t\t\t<div class=\"elementor-jet-carousel jet-elements\"><div class=\"jet-carousel-wrap jet-equal-cols\">\n\t<div class=\"jet-carousel\" data-slider_options=\"{&quot;autoplaySpeed&quot;:5000,&quot;autoplay&quot;:true,&quot;infinite&quot;:true,&quot;centerMode&quot;:true,&quot;centerPadding&quot;:&quot;50px&quot;,&quot;pauseOnHover&quot;:false,&quot;speed&quot;:500,&quot;arrows&quot;:true,&quot;dots&quot;:false,&quot;variableWidth&quot;:false,&quot;prevArrow&quot;:&quot;.jet-carousel__prev-arrow-62e8ffd&quot;,&quot;nextArrow&quot;:&quot;.jet-carousel__next-arrow-62e8ffd&quot;,&quot;rtl&quot;:false,&quot;fractionNav&quot;:false}\" dir=\"ltr\">\n\t<div class=\"elementor-slick-slider\">\n\n<div class=\"jet-carousel__item\">\n\t<div class=\"jet-carousel__item-inner\"><img decoding=\"async\" src=\"https:\/\/bdovzw.be\/wp-content\/uploads\/2025\/01\/AP6K2758-scaled.jpg\" class=\"jet-carousel__item-img\" alt=\"AP6K2758\" loading=\"lazy\"><div class=\"jet-carousel__content\"><h5 class=\"jet-carousel__item-title\">Championnat de Belgique 2025<\/h5><div class=\"jet-carousel__item-text\"><p><br><br>L<strong>egado<\/strong> Marij Schrooten dynamic.nicas@gmail.com<\/p><p><br>D<strong>ate :<\/strong> 26\/04\/2025<strong>Lieu :<\/strong> T'Poorthuis, Zuidervest 2a, 3990 Peer<\/p><p>Visitez notre page Association<\/p><\/div><\/div><\/div>\n<\/div>\n\n<div class=\"jet-carousel__item\">\n\t<div class=\"jet-carousel__item-inner\"><img decoding=\"async\" src=\"https:\/\/bdovzw.be\/wp-content\/uploads\/2025\/01\/IMG-20190503-WA0008-1.jpg\" class=\"jet-carousel__item-img\" alt=\"IMG-20190503-WA0008 (1)\" loading=\"lazy\"><div class=\"jet-carousel__content\"><h5 class=\"jet-carousel__item-title\">Championnats d'Europe 2025<\/h5><div class=\"jet-carousel__item-text\"><p> <\/p><p><br>D<strong>ate :<\/strong> 2,3 &amp; 4 mai 2025<strong>Lieu :<\/strong> Centre sportif int\u00e9rieur, Theo Koomenlaan 1, Eindhoven<\/p><\/div><\/div><\/div>\n<\/div>\n\n<div class=\"jet-carousel__item\">\n\t<div class=\"jet-carousel__item-inner\"><img decoding=\"async\" src=\"https:\/\/bdovzw.be\/wp-content\/uploads\/2025\/01\/240629_DSImpr_Movies__0660_s-scaled.jpg\" class=\"jet-carousel__item-img\" alt=\"Studio Improve - Movies\" loading=\"lazy\"><div class=\"jet-carousel__content\"><h5 class=\"jet-carousel__item-title\">Dancestudio Improve<\/h5><div class=\"jet-carousel__item-text\"><p><br> <br>T<strong>ournoi de qualification<\/strong> St\u00e9phanie Depuis info@dancestudioimprove.be<\/p><p><br>D<strong>ate :<\/strong> 4\/01\/2025<strong>Lieu :<\/strong> CC Moza\u00efek, Kerkplein 14, 3720 Kortessem<\/p><\/div><\/div><\/div>\n<\/div>\n\n<div class=\"jet-carousel__item\">\n\t<div class=\"jet-carousel__item-inner\"><img decoding=\"async\" src=\"https:\/\/bdovzw.be\/wp-content\/uploads\/2025\/04\/Foto-1-scaled.jpg\" class=\"jet-carousel__item-img\" alt=\"Foto 1\" loading=\"lazy\"><div class=\"jet-carousel__content\"><h5 class=\"jet-carousel__item-title\">DG Les chanteurs d'oiseaux<\/h5><div class=\"jet-carousel__item-text\"><p><br><br>T<strong>ournoi de qualification<\/strong> Annick Jans annick_jans@hotmail.com<\/p><p><br>D<strong>ate :<\/strong> 11\/01\/2025<strong>Lieu :<\/strong> CC Tentakel, Kneuterweg 2, 3520 Zonhoven<\/p><\/div><\/div><\/div>\n<\/div>\n\n<div class=\"jet-carousel__item\">\n\t<div class=\"jet-carousel__item-inner\"><img decoding=\"async\" src=\"https:\/\/bdovzw.be\/wp-content\/uploads\/2025\/01\/438-scaled.jpg\" class=\"jet-carousel__item-img\" alt=\"438\" loading=\"lazy\"><div class=\"jet-carousel__content\"><h5 class=\"jet-carousel__item-title\">Tournoi international (Allemagne)<\/h5><div class=\"jet-carousel__item-text\"><p>IT DVG<\/p><p><br>D<strong>ate :<\/strong> 18\/01\/2025<strong>Lieu :<\/strong> Ottobrun, Allemagne<\/p><\/div><\/div><\/div>\n<\/div>\n\n<div class=\"jet-carousel__item\">\n\t<div class=\"jet-carousel__item-inner\"><img decoding=\"async\" src=\"https:\/\/bdovzw.be\/wp-content\/uploads\/2025\/01\/AP6K6502_4-1-scaled-e1735903987546.jpg\" class=\"jet-carousel__item-img\" alt=\"AP6K6502_4\" loading=\"lazy\"><div class=\"jet-carousel__content\"><h5 class=\"jet-carousel__item-title\">DSG le Broeveskender  <\/h5><div class=\"jet-carousel__item-text\"><p><br><br>T<strong>ournoi de qualification<\/strong> Josy Oosterbosch broeveskender@hotmail.com<\/p><p><br>D<strong>ate :<\/strong> 1\/02\/2025<strong>Lieu :<\/strong> OC 't Park, Kastanjestraat 7, 3530 Houthalen-Helchteren<\/p><\/div><\/div><\/div>\n<\/div>\n\n<div class=\"jet-carousel__item\">\n\t<div class=\"jet-carousel__item-inner\"><img decoding=\"async\" src=\"https:\/\/bdovzw.be\/wp-content\/uploads\/2025\/01\/IMG-20190503-WA0008-1.jpg\" class=\"jet-carousel__item-img\" alt=\"IMG-20190503-WA0008 (1)\" loading=\"lazy\"><div class=\"jet-carousel__content\"><h5 class=\"jet-carousel__item-title\">Tournoi international (Pays-Bas)<\/h5><div class=\"jet-carousel__item-text\"><p>IT NDT<\/p><p><br>D<strong>ate :<\/strong> 15\/02\/2025<strong>Lieu :<\/strong> Heesch, Pays-Bas<\/p><\/div><\/div><\/div>\n<\/div>\n\n<div class=\"jet-carousel__item\">\n\t<div class=\"jet-carousel__item-inner\"><img decoding=\"async\" src=\"https:\/\/bdovzw.be\/wp-content\/uploads\/2025\/01\/FDC-FREESTYLE-3.jpg\" class=\"jet-carousel__item-img\" alt=\"FDC FREESTYLE 3\" loading=\"lazy\"><div class=\"jet-carousel__content\"><h5 class=\"jet-carousel__item-title\">Compagnie de danse Fortuna  <\/h5><div class=\"jet-carousel__item-text\"><p><br><br>T<strong>ournoi de qualification<\/strong> Leyla Kodalci leyla_Kodalci@hotmail.com<\/p><p><br>D<strong>ate :<\/strong> 1\/03\/2025<strong>Lieu :<\/strong> De Schans, Place de la Croix Rouge, 3940 Hechtel  <\/p><\/div><\/div><\/div>\n<\/div>\n\n<div class=\"jet-carousel__item\">\n\t<div class=\"jet-carousel__item-inner\"><img decoding=\"async\" src=\"https:\/\/bdovzw.be\/wp-content\/uploads\/2025\/04\/Foto-2-scaled.jpg\" class=\"jet-carousel__item-img\" alt=\"Foto 2\" loading=\"lazy\"><div class=\"jet-carousel__content\"><h5 class=\"jet-carousel__item-title\">DG Les chanteurs d'oiseaux<\/h5><div class=\"jet-carousel__item-text\"><p><br><br>T<strong>ournoi de qualification<\/strong> Annick Jans annick_jans@hotmail.com<\/p><p><br>D<strong>ate :<\/strong> 15\/03\/2025<strong>Lieu :<\/strong> CC Tentakel, Kneuterweg 2, 3520 Zonhoven<\/p><\/div><\/div><\/div>\n<\/div>\n\n<div class=\"jet-carousel__item\">\n\t<div class=\"jet-carousel__item-inner\"><img decoding=\"async\" src=\"https:\/\/bdovzw.be\/wp-content\/uploads\/2025\/01\/Modern-1-1.jpg\" class=\"jet-carousel__item-img\" alt=\"Modern (1) (1)\" loading=\"lazy\"><div class=\"jet-carousel__content\"><h5 class=\"jet-carousel__item-title\">TSC Dance Feet<\/h5><div class=\"jet-carousel__item-text\"><p><br>T<strong>ournoi international<\/strong> Saskia Waghemans info@tscdancefeet.com<\/p><p><br>D<strong>ate :<\/strong> 22\/03\/2025<strong>Lieu :<\/strong> Hall Patronage, Patronagestrasse 27, 4720 Kelmis<\/p><\/div><\/div><\/div>\n<\/div>\n\n<div class=\"jet-carousel__item\">\n\t<div class=\"jet-carousel__item-inner\"><img decoding=\"async\" src=\"https:\/\/bdovzw.be\/wp-content\/uploads\/2025\/01\/AP6K3509_4-scaled-e1735904706595.jpg\" class=\"jet-carousel__item-img\" alt=\"AP6K3509_4\" loading=\"lazy\"><div class=\"jet-carousel__content\"><h5 class=\"jet-carousel__item-title\">TSC Dance Feet<\/h5><div class=\"jet-carousel__item-text\"><p><br>T<strong>ournoi de qualification<\/strong> Saskia Waghemans info@tscdancefeet.com<\/p><p><br>D<strong>ate :<\/strong> 23\/03\/2025<strong>Lieu :<\/strong> Hall Patronage, Patronagestrasse 27, 4720 Kelmis<\/p><\/div><\/div><\/div>\n<\/div>\n\n<div class=\"jet-carousel__item\">\n\t<div class=\"jet-carousel__item-inner\"><img decoding=\"async\" src=\"https:\/\/bdovzw.be\/wp-content\/uploads\/2025\/01\/119-scaled.jpg\" class=\"jet-carousel__item-img\" alt=\"119\" loading=\"lazy\"><div class=\"jet-carousel__content\"><h5 class=\"jet-carousel__item-title\">KV De Waggelerre  <\/h5><div class=\"jet-carousel__item-text\"><p><br>T<strong>ournoi de qualification<\/strong> Severine Gubbels dansgroepwaggelerre@gmail.com<\/p><p><br>D<strong>ate :<\/strong> 29\/03\/2025<strong>Lieu :<\/strong> Hall Patronage, Patronagestrasse 27, 4720 Kelmis<\/p><\/div><\/div><\/div>\n<\/div>\n\n<div class=\"jet-carousel__item\">\n\t<div class=\"jet-carousel__item-inner\"><img decoding=\"async\" src=\"https:\/\/bdovzw.be\/wp-content\/uploads\/2025\/01\/IMG-20190503-WA0008-1-e1735904204210.jpg\" class=\"jet-carousel__item-img\" alt=\"IMG-20190503-WA0008 (1)\" loading=\"lazy\"><div class=\"jet-carousel__content\"><h5 class=\"jet-carousel__item-title\">Tournoi international (Pays-Bas)<\/h5><div class=\"jet-carousel__item-text\"><p>IT NDT<\/p><p><br>D<strong>ate :<\/strong> 5\/04\/2025<strong>Lieu :<\/strong> Overloon, Pays-Bas<\/p><\/div><\/div><\/div>\n<\/div>\n<\/div><div class=\"jet-carousel__prev-arrow-62e8ffd jet-arrow prev-arrow\"><svg aria-hidden=\"true\" class=\"e-font-icon-svg e-fas-angle-left\" viewBox=\"0 0 256 512\" xmlns=\"http:\/\/www.w3.org\/2000\/svg\"><path d=\"M31.7 239l136-136c9.4-9.4 24.6-9.4 33.9 0l22.6 22.6c9.4 9.4 9.4 24.6 0 33.9L127.9 256l96.4 96.4c9.4 9.4 9.4 24.6 0 33.9L201.7 409c-9.4 9.4-24.6 9.4-33.9 0l-136-136c-9.5-9.4-9.5-24.6-.1-34z\"><\/path><\/svg><\/div><div class=\"jet-carousel__next-arrow-62e8ffd jet-arrow next-arrow\"><svg aria-hidden=\"true\" class=\"e-font-icon-svg e-fas-angle-right\" viewBox=\"0 0 256 512\" xmlns=\"http:\/\/www.w3.org\/2000\/svg\"><path d=\"M224.3 273l-136 136c-9.4 9.4-24.6 9.4-33.9 0l-22.6-22.6c-9.4-9.4-9.4-24.6 0-33.9l96.4-96.4-96.4-96.4c-9.4-9.4-9.4-24.6 0-33.9L54.3 103c9.4-9.4 24.6-9.4 33.9 0l136 136c9.5 9.4 9.5 24.6.1 34z\"><\/path><\/svg><\/div><\/div>\n<\/div>\n<\/div>\t\t\t\t<\/div>\n\t\t\t\t<\/div>\n\t\t\t\t\t<\/div>\n\t\t<\/div>\n\t\t\t\t\t<\/div>\n\t\t<\/section>\n\t\t\t\t<\/div>\n\t\t","protected":false},"excerpt":{"rendered":"<p>Organisation belge de la danse sportive Ev\u00e9nements D\u00e9couvrez les \u00e9v\u00e9nements BDO \u00e0 venir ! Des matchs passionnants aux spectacles spectaculaires, restez \u00e0 l&rsquo;\u00e9coute de tous les temps forts ici. \u00c9v\u00e9nement sous les feux de la rampe Soir\u00e9e de gala BDO Vivez une soir\u00e9e inoubliable pleine de danse, de passion et de spectacle ! La soir\u00e9e [&hellip;]<\/p>\n","protected":false},"author":1,"featured_media":0,"parent":0,"menu_order":0,"comment_status":"closed","ping_status":"closed","template":"","meta":{"postBodyCss":"","postBodyMargin":[],"postBodyPadding":[],"postBodyBackground":{"backgroundType":"classic","gradient":""},"footnotes":""},"class_list":["post-2621","page","type-page","status-publish","hentry"],"_links":{"self":[{"href":"https:\/\/bdovzw.be\/fr\/wp-json\/wp\/v2\/pages\/2621","targetHints":{"allow":["GET"]}}],"collection":[{"href":"https:\/\/bdovzw.be\/fr\/wp-json\/wp\/v2\/pages"}],"about":[{"href":"https:\/\/bdovzw.be\/fr\/wp-json\/wp\/v2\/types\/page"}],"author":[{"embeddable":true,"href":"https:\/\/bdovzw.be\/fr\/wp-json\/wp\/v2\/users\/1"}],"replies":[{"embeddable":true,"href":"https:\/\/bdovzw.be\/fr\/wp-json\/wp\/v2\/comments?post=2621"}],"version-history":[{"count":5,"href":"https:\/\/bdovzw.be\/fr\/wp-json\/wp\/v2\/pages\/2621\/revisions"}],"predecessor-version":[{"id":3123,"href":"https:\/\/bdovzw.be\/fr\/wp-json\/wp\/v2\/pages\/2621\/revisions\/3123"}],"wp:attachment":[{"href":"https:\/\/bdovzw.be\/fr\/wp-json\/wp\/v2\/media?parent=2621"}],"curies":[{"name":"wp","href":"https:\/\/api.w.org\/{rel}","templated":true}]}}